{"id":1273,"date":"2024-01-04T10:09:44","date_gmt":"2024-01-04T10:09:44","guid":{"rendered":"https:\/\/inquietudearquitetura.pt\/?page_id=1273"},"modified":"2025-12-03T19:18:06","modified_gmt":"2025-12-03T19:18:06","slug":"equipamento","status":"publish","type":"page","link":"https:\/\/inquietudearquitetura.pt\/?page_id=1273","title":{"rendered":"equipamento"},"content":{"rendered":"\n<p style=\"font-size:clamp(14px, 0.875rem + ((1vw - 3.2px) * 0.088), 15px);font-style:normal;font-weight:100\">Os projetos de edif\u00edcios destinados a equipamentos s\u00e3o sempre uma oportunidade de gerar conviv\u00eancia com o espa\u00e7o p\u00fablico e por vezes ajudar a resolver, com pequenos ou grandes gestos, problemas urbanos. Neste \u00e2mbito existe uma diversidade de programas de uso p\u00fablico, que podem ser um centro cultural, um mercado, um complexo tur\u00edstico ou um simples quiosque, sendo essas constru\u00e7\u00f5es definitivas ou ef\u00e9meras.<\/p>\n\n\n\n<p style=\"font-size:clamp(14px, 0.875rem + ((1vw - 3.2px) * 0.088), 15px);font-style:normal;font-weight:100\">Em qualquer um dos casos e necessidades \u00e9 importante a rela\u00e7\u00e3o urbana e comunit\u00e1ria, mas tamb\u00e9m a rela\u00e7\u00e3o material e identit\u00e1ria, salvo momentos em que se pretende que o objeto seja um rasgo que diferencie um determinado espa\u00e7o ou mesmo a cidade. Alguns casos: <\/p>\n\n\n\n<h2 class=\"wp-block-heading\"><\/h2>\n\n\n\n<p style=\"font-size:clamp(14px, 0.875rem + ((1vw - 3.2px) * 0.088), 15px);font-style:normal;font-weight:100\"><strong>CENTRO CULTURAL E MULTIM\u00c9DIA EM VILA NOVA DE CERVEIRA : Estudo de solu\u00e7\u00e3o<\/strong><\/p>\n\n\n\n<p style=\"font-size:clamp(14px, 0.875rem + ((1vw - 3.2px) * 0.088), 15px);font-style:normal;font-weight:100\">Num vazio urbano, envolto por edifica\u00e7\u00f5es de d\u00e9cadas dispares e com cotas diferentes na sua rela\u00e7\u00e3o topogr\u00e1fica, procurou-se, com este estudo, encontrar uma solu\u00e7\u00e3o modernizada para o programa, que fomentasse uma quebra urban\u00edstica equilibrada e que valorizasse as rela\u00e7\u00f5es e os percursos entre o centro da vila e o Rio Minho que a acompanha.  <\/p>\n\n\n\n<figure class=\"wp-block-image aligncenter size-large is-resized\"><img loading=\"lazy\" decoding=\"async\" width=\"1024\" height=\"219\" src=\"https:\/\/inquietudearquitetura.pt\/wp-content\/uploads\/2024\/01\/s4-1024x219.jpg\" alt=\"\" class=\"wp-image-1385\" style=\"width:1050px;height:auto\" srcset=\"https:\/\/inquietudearquitetura.pt\/wp-content\/uploads\/2024\/01\/s4-1024x219.jpg 1024w, https:\/\/inquietudearquitetura.pt\/wp-content\/uploads\/2024\/01\/s4-300x64.jpg 300w, https:\/\/inquietudearquitetura.pt\/wp-content\/uploads\/2024\/01\/s4-2000x428.jpg 2000w\" sizes=\"auto, (max-width: 1024px) 100vw, 1024px\" \/><\/figure>\n\n\n\n<figure class=\"wp-block-image aligncenter size-large\"><img loading=\"lazy\" decoding=\"async\" width=\"1024\" height=\"376\" src=\"https:\/\/inquietudearquitetura.pt\/wp-content\/uploads\/2024\/01\/b-1024x376.jpg\" alt=\"\" class=\"wp-image-1391\" srcset=\"https:\/\/inquietudearquitetura.pt\/wp-content\/uploads\/2024\/01\/b-1024x376.jpg 1024w, https:\/\/inquietudearquitetura.pt\/wp-content\/uploads\/2024\/01\/b-300x110.jpg 300w, https:\/\/inquietudearquitetura.pt\/wp-content\/uploads\/2024\/01\/b-2000x735.jpg 2000w\" sizes=\"auto, (max-width: 1024px) 100vw, 1024px\" \/><\/figure>\n\n\n\n<h2 class=\"wp-block-heading\"><\/h2>\n\n\n\n<p style=\"font-size:clamp(14px, 0.875rem + ((1vw - 3.2px) * 0.088), 15px);\"><strong>PEDREIRAS DO JASPE EM SET\u00daBAL : Concurso de ideias <\/strong><\/p>\n\n\n\n<p style=\"font-size:clamp(14px, 0.875rem + ((1vw - 3.2px) * 0.088), 15px);\">Procurou-se encontrar uma nova fun\u00e7\u00e3o, interligada com a po\u00e9tica e materialidade do lugar, e que desse uma nova vida \u00e0s pedreiras do Jaspe, abandonadas na Arr\u00e1bida desde meados dos anos 70. Pretendia-se que as valorizasse e fizesse catapulta-las como elemento hist\u00f3rico da vida da cidade de Set\u00fabal. Essa vontade sair\u00eda refor\u00e7ada com a feliz rela\u00e7\u00e3o que as pedreiras t\u00eam com a arriba e o oceano Atl\u00e2ntico, que as banha com uma impressionante vista sobre a Arr\u00e1bida, o mar e Tr\u00f3ia.<\/p>\n\n\n\n<figure class=\"wp-block-image aligncenter size-large\"><img loading=\"lazy\" decoding=\"async\" width=\"1024\" height=\"1024\" src=\"https:\/\/inquietudearquitetura.pt\/wp-content\/uploads\/2023\/01\/jaspe-1-1024x1024.jpg\" alt=\"\" class=\"wp-image-319\" srcset=\"https:\/\/inquietudearquitetura.pt\/wp-content\/uploads\/2023\/01\/jaspe-1-1024x1024.jpg 1024w, https:\/\/inquietudearquitetura.pt\/wp-content\/uploads\/2023\/01\/jaspe-1-300x300.jpg 300w, https:\/\/inquietudearquitetura.pt\/wp-content\/uploads\/2023\/01\/jaspe-1-150x150.jpg 150w, https:\/\/inquietudearquitetura.pt\/wp-content\/uploads\/2023\/01\/jaspe-1-768x767.jpg 768w, https:\/\/inquietudearquitetura.pt\/wp-content\/uploads\/2023\/01\/jaspe-1.jpg 1500w\" sizes=\"auto, (max-width: 1024px) 100vw, 1024px\" \/><\/figure>\n\n\n\n<h2 class=\"wp-block-heading\"><\/h2>\n\n\n\n<p style=\"font-size:clamp(14px, 0.875rem + ((1vw - 3.2px) * 0.088), 15px);font-style:normal;font-weight:100\"><strong>MERCADO DE MON\u00c7\u00c3O : Estudo de restrutura\u00e7\u00e3o de espa\u00e7os e reabilita\u00e7\u00e3o<\/strong><\/p>\n\n\n\n<p style=\"font-size:clamp(14px, 0.875rem + ((1vw - 3.2px) * 0.088), 15px);font-style:normal;font-weight:100\">Nesta pr\u00e9 exist\u00eancia s\u00e3o not\u00f3rios erros de distribui\u00e7\u00e3o e de rela\u00e7\u00e3o entre espa\u00e7os e a necessidade de moderniza\u00e7\u00e3o. Com base nesta problem\u00e1tica, tentou-se desenvolver um estudo que permitisse, com uma interven\u00e7\u00e3o relativamente reduzida, beneficiar todo o conjunto interno, na organiza\u00e7\u00e3o dos espa\u00e7os e din\u00e2micas circulativas, pontuando uma rela\u00e7\u00e3o de cariz mais org\u00e2nico com toda a envolvente.<\/p>\n\n\n\n<figure class=\"wp-block-image aligncenter size-large\"><img loading=\"lazy\" decoding=\"async\" width=\"1024\" height=\"359\" src=\"https:\/\/inquietudearquitetura.pt\/wp-content\/uploads\/2024\/01\/s14-1024x359.jpg\" alt=\"\" class=\"wp-image-1373\" srcset=\"https:\/\/inquietudearquitetura.pt\/wp-content\/uploads\/2024\/01\/s14-1024x359.jpg 1024w, https:\/\/inquietudearquitetura.pt\/wp-content\/uploads\/2024\/01\/s14-300x105.jpg 300w, https:\/\/inquietudearquitetura.pt\/wp-content\/uploads\/2024\/01\/s14-2000x702.jpg 2000w\" sizes=\"auto, (max-width: 1024px) 100vw, 1024px\" \/><\/figure>\n\n\n\n<figure class=\"wp-block-image aligncenter size-large\"><img loading=\"lazy\" decoding=\"async\" width=\"1024\" height=\"190\" src=\"https:\/\/inquietudearquitetura.pt\/wp-content\/uploads\/2024\/01\/s13-1024x190.jpg\" alt=\"\" class=\"wp-image-1374\" srcset=\"https:\/\/inquietudearquitetura.pt\/wp-content\/uploads\/2024\/01\/s13-1024x190.jpg 1024w, https:\/\/inquietudearquitetura.pt\/wp-content\/uploads\/2024\/01\/s13-300x56.jpg 300w, https:\/\/inquietudearquitetura.pt\/wp-content\/uploads\/2024\/01\/s13-2000x372.jpg 2000w\" sizes=\"auto, (max-width: 1024px) 100vw, 1024px\" \/><\/figure>\n\n\n\n<h2 class=\"wp-block-heading\"><\/h2>\n\n\n\n<p style=\"font-size:clamp(14px, 0.875rem + ((1vw - 3.2px) * 0.088), 15px);font-style:normal;font-weight:100\"><strong>MOINHOS DO FOLON E DO PICON NA GALIZA : Estudo de sugest\u00e3o para ponto de contempla\u00e7\u00e3o<\/strong><\/p>\n\n\n\n<p style=\"font-size:clamp(14px, 0.875rem + ((1vw - 3.2px) * 0.088), 15px);font-style:normal;font-weight:100\">Este hist\u00f3rico conjunto de 67 moinhos implantados em sistema de cascata, surge gra\u00e7as \u00e0 morfologia prop\u00edcia da serra, caracterizada por algumas fortes pendentes que criam, naturalmente, uma estrutura de vales que beneficiam um anfiteatro natural de amplas vistas. Vistas essas merecedoras de um ponto focal devidamente integrado no meio e respeitando a materialidade encontrada e que, em simult\u00e2neo, apontasse o caminho em dire\u00e7\u00e3o \u00e0 Ermida de S\u00e3o Martinho. Este foi o mote para o estudo da sugest\u00e3o arquitet\u00f3nica.<\/p>\n\n\n\n<figure class=\"wp-block-image aligncenter size-large\"><img loading=\"lazy\" decoding=\"async\" width=\"1024\" height=\"576\" src=\"https:\/\/inquietudearquitetura.pt\/wp-content\/uploads\/2023\/01\/molinos-1024x576.jpg\" alt=\"\" class=\"wp-image-520\" srcset=\"https:\/\/inquietudearquitetura.pt\/wp-content\/uploads\/2023\/01\/molinos-1024x576.jpg 1024w, https:\/\/inquietudearquitetura.pt\/wp-content\/uploads\/2023\/01\/molinos-300x169.jpg 300w, https:\/\/inquietudearquitetura.pt\/wp-content\/uploads\/2023\/01\/molinos-768x432.jpg 768w, https:\/\/inquietudearquitetura.pt\/wp-content\/uploads\/2023\/01\/molinos-1536x864.jpg 1536w, https:\/\/inquietudearquitetura.pt\/wp-content\/uploads\/2023\/01\/molinos-2048x1152.jpg 2048w, https:\/\/inquietudearquitetura.pt\/wp-content\/uploads\/2023\/01\/molinos-2000x1125.jpg 2000w\" sizes=\"auto, (max-width: 1024px) 100vw, 1024px\" \/><\/figure>\n\n\n\n<h2 class=\"wp-block-heading\"><\/h2>\n\n\n\n<p style=\"font-size:clamp(14px, 0.875rem + ((1vw - 3.2px) * 0.088), 15px);font-style:normal;font-weight:100\"><strong>PAVILH\u00c3O EF\u00c9MERO PARA EXPOSI\u00c7\u00d5ES EM VILA NOVA DE CERVEIRA : Estudo de solu\u00e7\u00e3o <\/strong><\/p>\n\n\n\n<p style=\"font-size:clamp(14px, 0.875rem + ((1vw - 3.2px) * 0.088), 15px);font-style:normal;font-weight:100\">Sendo a Cerveira a vila das artes, reconhecida pela sua bienal, desenvolveu-se o estudo para a produ\u00e7\u00e3o de um pavilh\u00e3o expositivo multifun\u00e7\u00f5es de car\u00e1ter ef\u00e9mero que se pretendia que fosse instalado anualmente num terreno adjacente ao centro hist\u00f3rico, respeitando a sua morfologia original. Os seus contrastes geom\u00e9tricos foram inspirados nas serras e no rio que abra\u00e7am a vila, resolvendo-se as materialidades construtivas em sistemas de madeira. <\/p>\n\n\n\n<figure class=\"wp-block-image aligncenter size-large\"><img loading=\"lazy\" decoding=\"async\" width=\"1024\" height=\"889\" src=\"https:\/\/inquietudearquitetura.pt\/wp-content\/uploads\/2024\/01\/q-1024x889.jpg\" alt=\"\" class=\"wp-image-1401\" srcset=\"https:\/\/inquietudearquitetura.pt\/wp-content\/uploads\/2024\/01\/q-1024x889.jpg 1024w, https:\/\/inquietudearquitetura.pt\/wp-content\/uploads\/2024\/01\/q-300x261.jpg 300w, https:\/\/inquietudearquitetura.pt\/wp-content\/uploads\/2024\/01\/q-2000x1737.jpg 2000w\" sizes=\"auto, (max-width: 1024px) 100vw, 1024px\" \/><\/figure>\n\n\n\n<h2 class=\"wp-block-heading\"><\/h2>\n\n\n\n<p style=\"font-size:clamp(14px, 0.875rem + ((1vw - 3.2px) * 0.088), 15px);font-style:normal;font-weight:100\"><strong>QUIOSQUES DESMONT\u00c1VEIS PARA PRA\u00c7A EM PAREDES DE COURA : Proposta vencedora <\/strong><\/p>\n\n\n\n<p style=\"font-size:clamp(14px, 0.875rem + ((1vw - 3.2px) * 0.088), 15px);font-style:normal;font-weight:100\">Uma pra\u00e7a tem diferentes momentos de vida, de acordo com as esta\u00e7\u00f5es do ano, eventos sociais ou simplesmente a pr\u00f3pria din\u00e2mica da vida da comunidade. Sob estes argumentos foi desenvolvido um conceito de quiosques que albergariam diversas fun\u00e7\u00f5es, mas que permitissem a sua r\u00e1pida remo\u00e7\u00e3o e eventual recoloca\u00e7\u00e3o noutros espa\u00e7os, tornando-se itinerantes pela cidade. Por\u00e9m, julgamos que a sua remo\u00e7\u00e3o deveria permitir uma continuidade de vida social no local, o que deu mote para a cria\u00e7\u00e3o de um sistema de quiosque de encaixe sobre um conjunto de bancos de jardim em granito, que se manteriam para uso da popula\u00e7\u00e3o, devidamente protegidos pelas massas arb\u00f3reas pr\u00e9 existentes.  <\/p>\n\n\n\n<figure class=\"wp-block-image aligncenter size-large\"><img loading=\"lazy\" decoding=\"async\" width=\"1024\" height=\"377\" src=\"https:\/\/inquietudearquitetura.pt\/wp-content\/uploads\/2024\/01\/w-1024x377.jpg\" alt=\"\" class=\"wp-image-1403\" srcset=\"https:\/\/inquietudearquitetura.pt\/wp-content\/uploads\/2024\/01\/w-1024x377.jpg 1024w, https:\/\/inquietudearquitetura.pt\/wp-content\/uploads\/2024\/01\/w-300x111.jpg 300w, https:\/\/inquietudearquitetura.pt\/wp-content\/uploads\/2024\/01\/w-2000x737.jpg 2000w\" sizes=\"auto, (max-width: 1024px) 100vw, 1024px\" \/><\/figure>\n\n\n\n<h2 class=\"wp-block-heading\"><\/h2>\n","protected":false},"excerpt":{"rendered":"<p>Os projetos de edif\u00edcios destinados a equipamentos s\u00e3o sempre uma oportunidade de gerar conviv\u00eancia com o espa\u00e7o p\u00fablico e por vezes ajudar a resolver, com pequenos ou grandes gestos, problemas urbanos. Neste \u00e2mbito existe uma diversidade de programas de uso p\u00fablico, que podem ser um centro cultural, um mercado, um complexo tur\u00edstico ou um simples &hellip; <\/p>\n<p class=\"link-more\"><a href=\"https:\/\/inquietudearquitetura.pt\/?page_id=1273\" class=\"more-link\">Read more<span class=\"screen-reader-text\"> &#8220;equipamento&#8221;<\/span><\/a><\/p>\n","protected":false},"author":1,"featured_media":313,"parent":0,"menu_order":0,"comment_status":"closed","ping_status":"closed","template":"","meta":{"inspiro_hide_title":false,"footnotes":""},"class_list":["post-1273","page","type-page","status-publish","has-post-thumbnail","hentry"],"_links":{"self":[{"href":"https:\/\/inquietudearquitetura.pt\/index.php?rest_route=\/wp\/v2\/pages\/1273","targetHints":{"allow":["GET"]}}],"collection":[{"href":"https:\/\/inquietudearquitetura.pt\/index.php?rest_route=\/wp\/v2\/pages"}],"about":[{"href":"https:\/\/inquietudearquitetura.pt\/index.php?rest_route=\/wp\/v2\/types\/page"}],"author":[{"embeddable":true,"href":"https:\/\/inquietudearquitetura.pt\/index.php?rest_route=\/wp\/v2\/users\/1"}],"replies":[{"embeddable":true,"href":"https:\/\/inquietudearquitetura.pt\/index.php?rest_route=%2Fwp%2Fv2%2Fcomments&post=1273"}],"version-history":[{"count":46,"href":"https:\/\/inquietudearquitetura.pt\/index.php?rest_route=\/wp\/v2\/pages\/1273\/revisions"}],"predecessor-version":[{"id":1706,"href":"https:\/\/inquietudearquitetura.pt\/index.php?rest_route=\/wp\/v2\/pages\/1273\/revisions\/1706"}],"wp:featuredmedia":[{"embeddable":true,"href":"https:\/\/inquietudearquitetura.pt\/index.php?rest_route=\/wp\/v2\/media\/313"}],"wp:attachment":[{"href":"https:\/\/inquietudearquitetura.pt\/index.php?rest_route=%2Fwp%2Fv2%2Fmedia&parent=1273"}],"curies":[{"name":"wp","href":"https:\/\/api.w.org\/{rel}","templated":true}]}}