{"id":1719,"date":"2024-10-23T21:29:07","date_gmt":"2024-10-23T21:29:07","guid":{"rendered":"https:\/\/inquietudearquitetura.pt\/?page_id=1719"},"modified":"2026-01-03T10:19:41","modified_gmt":"2026-01-03T10:19:41","slug":"investimento","status":"publish","type":"page","link":"https:\/\/inquietudearquitetura.pt\/?page_id=1719","title":{"rendered":"+Property developer"},"content":{"rendered":"\n<h2 class=\"wp-block-heading has-primary-color has-text-color has-link-color has-large-font-size wp-elements-3313f354887e1252d45c3eec038f6fed\" style=\"font-style:normal;font-weight:100\">INVESTIMENTO, em que podemos ajudar?<\/h2>\n\n\n\n<div class=\"wp-block-group has-global-padding is-layout-constrained wp-block-group-is-layout-constrained\">\n<div class=\"wp-block-group is-layout-flow wp-block-group-is-layout-flow\">\n<div style=\"height:0px\" aria-hidden=\"true\" class=\"wp-block-spacer\"><\/div>\n\n\n\n<div class=\"wp-block-columns is-layout-flex wp-container-core-columns-is-layout-28f84493 wp-block-columns-is-layout-flex\">\n<div class=\"wp-block-column is-style-default is-layout-flow wp-block-column-is-layout-flow\" style=\"border-style:none;border-width:0px;padding-top:0;padding-right:0;padding-bottom:0;padding-left:0\">\n<h2 class=\"wp-block-heading has-medium-font-size\" style=\"font-style:normal;font-weight:100\">CONCE\u00c7\u00c3O E PLANEAMENTO<\/h2>\n\n\n\n<p class=\"has-text-color has-link-color wp-elements-2245c6f133122344239532850dc5ce66\" style=\"color:#c5c4c4;font-size:clamp(14px, 0.875rem + ((1vw - 3.2px) * 0.265), 17px);font-style:normal;font-weight:100\">Conjunto de servi\u00e7os que abrange o desenvolvimento e estudo de possibilidades, conce\u00e7\u00e3o, projeto e defini\u00e7\u00e3o de m\u00e9todos e estrat\u00e9gias de produ\u00e7\u00e3o e rentabilidade.<\/p>\n\n\n\n<p class=\"has-text-color has-link-color wp-elements-180fbb4da01064cb848e9db73ae3a3e6\" style=\"color:#c5c4c4;font-size:clamp(14px, 0.875rem + ((1vw - 3.2px) * 0.265), 17px);font-style:normal;font-weight:100\">Procura, desenvolvimento e sele\u00e7\u00e3o de oportunidades de investimento \u201cOff Market\u201d<\/p>\n\n\n\n<p class=\"has-text-color has-link-color wp-elements-55c1d8efadfd78fe6f50abcdcccc8af0\" style=\"color:#c5c4c4;font-size:clamp(14px, 0.875rem + ((1vw - 3.2px) * 0.265), 17px);font-style:normal;font-weight:100\">Desenvolvimento de Planos de Neg\u00f3cios e c\u00e1lculo de investimento.<\/p>\n\n\n\n<ul class=\"wp-block-social-links has-icon-color is-style-logos-only is-layout-flex wp-block-social-links-is-layout-flex\"><\/ul>\n<\/div>\n\n\n\n<div class=\"wp-block-column is-style-default is-layout-flow wp-block-column-is-layout-flow\" style=\"border-style:none;border-width:0px;padding-top:0;padding-right:0;padding-bottom:0;padding-left:0\">\n<h1 class=\"wp-block-heading has-medium-font-size\" style=\"font-style:normal;font-weight:100\">CONSTRU\u00c7\u00c3O PARA VENDA<\/h1>\n\n\n\n<p class=\"has-text-color has-link-color wp-elements-ff0db96aed5024ea668dd074d36a674e\" style=\"color:#c5c4c4;font-size:clamp(14px, 0.875rem + ((1vw - 3.2px) * 0.265), 17px);font-style:normal;font-weight:100\">Defini\u00e7\u00e3o do p\u00fablico alvo, desenvolvimento de projetos, concursos de empreitada e gest\u00e3o global, focando o melhor relacionamento estrat\u00e9gico para o resultado pr\u00e9 definido a curto prazo.<\/p>\n\n\n\n<p class=\"has-text-color has-link-color wp-elements-9d9ff648f4f5f67c0720281d5ec80a83\" style=\"color:#c5c4c4;font-size:clamp(14px, 0.875rem + ((1vw - 3.2px) * 0.265), 17px);font-style:normal;font-weight:100\">Procura e sele\u00e7\u00e3o de terrenos enquadrados ao investimento pretendido.<\/p>\n\n\n\n<p class=\"has-text-color has-link-color wp-elements-55c1d8efadfd78fe6f50abcdcccc8af0\" style=\"color:#c5c4c4;font-size:clamp(14px, 0.875rem + ((1vw - 3.2px) * 0.265), 17px);font-style:normal;font-weight:100\">Desenvolvimento de Planos de Neg\u00f3cios e c\u00e1lculo de investimento.<\/p>\n<\/div>\n\n\n\n<div class=\"wp-block-column is-style-default is-layout-flow wp-block-column-is-layout-flow\" style=\"border-style:none;border-width:0px;padding-top:0;padding-right:0;padding-bottom:0;padding-left:0\">\n<h2 class=\"wp-block-heading has-medium-font-size\" style=\"font-style:normal;font-weight:100\">CONSTRU\u00c7\u00c3O PARA ARRENDAMENTO<\/h2>\n\n\n\n<p class=\"has-text-color has-link-color wp-elements-137aba04a119f18835a9f053f7aeb923\" style=\"color:#c5c4c4;font-size:clamp(14px, 0.875rem + ((1vw - 3.2px) * 0.265), 17px);font-style:normal;font-weight:100\">Percep\u00e7\u00e3o do p\u00fablico alvo e desenvolvimento de projetos, concurso de empreitada e gest\u00e3o global, enquadrando o modelo de rentabilidade especifico a longo prazo. <\/p>\n\n\n\n<p class=\"has-text-color has-link-color wp-elements-9d9ff648f4f5f67c0720281d5ec80a83\" style=\"color:#c5c4c4;font-size:clamp(14px, 0.875rem + ((1vw - 3.2px) * 0.265), 17px);font-style:normal;font-weight:100\">Procura e sele\u00e7\u00e3o de terrenos enquadrados ao investimento pretendido.<\/p>\n\n\n\n<p class=\"has-text-color has-link-color wp-elements-6be9a7fc080ee23115cb64f770c026dd\" style=\"color:#c5c4c4;font-size:clamp(14px, 0.875rem + ((1vw - 3.2px) * 0.265), 17px);font-style:normal;font-weight:100\">Desenvolvimento de Planos de Neg\u00f3cios e c\u00e1lculo de investimento. <\/p>\n\n\n\n<ul class=\"wp-block-social-links has-icon-color is-style-logos-only is-layout-flex wp-block-social-links-is-layout-flex\"><\/ul>\n<\/div>\n<\/div>\n<\/div>\n<\/div>\n\n\n\n<div class=\"wp-block-columns is-layout-flex wp-container-core-columns-is-layout-28f84493 wp-block-columns-is-layout-flex\">\n<div class=\"wp-block-column is-style-default is-layout-flow wp-block-column-is-layout-flow\" style=\"border-style:none;border-width:0px;padding-top:0;padding-right:0;padding-bottom:0;padding-left:0\">\n<h1 class=\"wp-block-heading has-medium-font-size\" style=\"font-style:normal;font-weight:100\">VALORIZA\u00c7\u00c3O DE ATIVOS IMOBILI\u00c1RIOS<\/h1>\n\n\n\n<p class=\"has-text-color has-link-color wp-elements-7e07177b1e2ea709c0c2829ce8a4db0b\" style=\"color:#c5c4c4;font-size:clamp(14px, 0.875rem + ((1vw - 3.2px) * 0.265), 17px);font-style:normal;font-weight:100\">An\u00e1lise, defini\u00e7\u00e3o, projeto de requalifica\u00e7\u00e3o de im\u00f3veis e concurso de empreitada, com vista a um resultado de maior valia e qualidade urbana e vivencial, conferindo valoriza\u00e7\u00e3o exponencial. <\/p>\n<\/div>\n\n\n\n<div class=\"wp-block-column is-style-default is-layout-flow wp-block-column-is-layout-flow\" style=\"border-style:none;border-width:0px;padding-top:0;padding-right:0;padding-bottom:0;padding-left:0\">\n<h2 class=\"wp-block-heading has-medium-font-size\" style=\"font-style:normal;font-weight:100\">CONSTRU\u00c7\u00c3O DE MORADIAS PREMIUM<\/h2>\n\n\n\n<p class=\"has-text-color has-link-color wp-elements-62d677b80329ff1a8268cf82f8854462\" style=\"color:#c5c4c4;font-size:clamp(14px, 0.875rem + ((1vw - 3.2px) * 0.265), 17px);font-style:normal;font-weight:100\">Planeamento, gest\u00e3o e constru\u00e7\u00e3o de moradias com total apoio no processo de defini\u00e7\u00e3o das solu\u00e7\u00f5es t\u00e9cnicas e acabamentos. Apenas dispon\u00edvel aos projetos por n\u00f3s desenvolvidos.<\/p>\n\n\n\n<ul class=\"wp-block-social-links has-icon-color is-style-logos-only is-layout-flex wp-block-social-links-is-layout-flex\"><\/ul>\n<\/div>\n\n\n\n<div class=\"wp-block-column is-style-default is-layout-flow wp-block-column-is-layout-flow\" style=\"border-style:none;border-width:0px;padding-top:0;padding-right:0;padding-bottom:0;padding-left:0\">\n<h2 class=\"wp-block-heading has-medium-font-size\" style=\"font-style:normal;font-weight:100\">IM\u00d3VEIS PREMIUM<\/h2>\n\n\n\n<p class=\"has-text-color has-link-color wp-elements-5d5ec7735b50f5185a0a8e8ee8a70b00\" style=\"color:#c5c4c4;font-size:clamp(14px, 0.875rem + ((1vw - 3.2px) * 0.265), 17px);font-style:normal;font-weight:100\">Desenvolvimento, projeto, constru\u00e7\u00e3o e comercializa\u00e7\u00e3o de im\u00f3veis de segmento m\u00e9dio alto \/ alto, com foco nas \u00e1reas da Grande Lisboa e Grande Porto <\/p>\n\n\n\n<ul class=\"wp-block-social-links has-icon-color is-style-logos-only is-layout-flex wp-block-social-links-is-layout-flex\"><\/ul>\n<\/div>\n<\/div>\n\n\n\n<h5 class=\"wp-block-heading\"><\/h5>\n\n\n\n<div class=\"wp-block-columns is-layout-flex wp-container-core-columns-is-layout-28f84493 wp-block-columns-is-layout-flex\">\n<div class=\"wp-block-column is-layout-flow wp-block-column-is-layout-flow\" style=\"flex-basis:66.66%\">\n<figure class=\"wp-block-image size-large\"><img loading=\"lazy\" decoding=\"async\" width=\"1024\" height=\"1024\" src=\"https:\/\/inquietudearquitetura.pt\/wp-content\/uploads\/2025\/12\/WhatsApp-Image-2025-12-31-at-14.07.49-1-1024x1024.jpeg\" alt=\"\" class=\"wp-image-2883\" srcset=\"https:\/\/inquietudearquitetura.pt\/wp-content\/uploads\/2025\/12\/WhatsApp-Image-2025-12-31-at-14.07.49-1-1024x1024.jpeg 1024w, https:\/\/inquietudearquitetura.pt\/wp-content\/uploads\/2025\/12\/WhatsApp-Image-2025-12-31-at-14.07.49-1-300x300.jpeg 300w, https:\/\/inquietudearquitetura.pt\/wp-content\/uploads\/2025\/12\/WhatsApp-Image-2025-12-31-at-14.07.49-1-150x150.jpeg 150w, https:\/\/inquietudearquitetura.pt\/wp-content\/uploads\/2025\/12\/WhatsApp-Image-2025-12-31-at-14.07.49-1-2000x2000.jpeg 2000w, https:\/\/inquietudearquitetura.pt\/wp-content\/uploads\/2025\/12\/WhatsApp-Image-2025-12-31-at-14.07.49-1.jpeg 2048w\" sizes=\"auto, (max-width: 1024px) 100vw, 1024px\" \/><\/figure>\n<\/div>\n\n\n\n<div class=\"wp-block-column is-layout-flow wp-block-column-is-layout-flow\" style=\"flex-basis:33.33%\">\n<p class=\"has-primary-color has-text-color has-link-color wp-elements-9cca667afcf32dc138bc5a0c831592a1\" style=\"font-size:clamp(14px, 0.875rem + ((1vw - 3.2px) * 0.265), 17px);font-style:normal;font-weight:100\">A \u201cInquietude Arquitetura\u201d, no \u00e2mbito do investimento imobili\u00e1rio oferece aos seus clientes, privados e empresariais, um servi\u00e7o de consultoria, projeto e gest\u00e3o global, direcionado principalmente para as zonas do Grande Porto e Norte, Grande Lisboa, Margem Sul do Tejo e Algarve.<\/p>\n\n\n\n<p class=\"has-primary-color has-text-color has-link-color wp-elements-e8a67698ce02e8f643df21bd8d5f9b0c\" style=\"font-size:clamp(14px, 0.875rem + ((1vw - 3.2px) * 0.265), 17px);font-style:normal;font-weight:100\">Colocamos o know how de 25 anos de experi\u00eancia na gest\u00e3o de constru\u00e7\u00e3o e mercado imobili\u00e1rio, aliados \u00e0 produ\u00e7\u00e3o de arquitetura que se traduzem numa valia que acreditamos ser significativa na rentabilidade da carteira de investimentos dos nossos clientes.<\/p>\n\n\n\n<p class=\"has-primary-color has-text-color has-link-color wp-elements-3570528b43ec92082ef73923b194252f\" style=\"font-size:clamp(14px, 0.875rem + ((1vw - 3.2px) * 0.265), 17px);font-style:normal;font-weight:100\">Conte connosco no segmento de urbaniza\u00e7\u00f5es, pr\u00e9dios, moradias, hot\u00e9is, turismo e edif\u00edcios em centros hist\u00f3ricos<\/p>\n\n\n\n<h2 class=\"wp-block-heading\"><\/h2>\n<\/div>\n<\/div>\n\n\n\n<p class=\"has-primary-color has-text-color has-link-color wp-elements-1cb6add5a0843042a3f879dd38b37146\" style=\"font-size:clamp(14px, 0.875rem + ((1vw - 3.2px) * 0.265), 17px);font-style:normal;font-weight:100\"><\/p>\n\n\n\n<h2 class=\"wp-block-heading has-primary-color has-text-color has-link-color wp-elements-ea2bf937a9da3159ee5e6b59ed9b1eaa\" style=\"font-size:clamp(14px, 0.875rem + ((1vw - 3.2px) * 0.088), 15px);font-style:normal;font-weight:100\"><\/h2>\n","protected":false},"excerpt":{"rendered":"<p>INVESTIMENTO, em que podemos ajudar? CONCE\u00c7\u00c3O E PLANEAMENTO Conjunto de servi\u00e7os que abrange o desenvolvimento e estudo de possibilidades, conce\u00e7\u00e3o, projeto e defini\u00e7\u00e3o de m\u00e9todos e estrat\u00e9gias de produ\u00e7\u00e3o e rentabilidade. Procura, desenvolvimento e sele\u00e7\u00e3o de oportunidades de investimento \u201cOff Market\u201d Desenvolvimento de Planos de Neg\u00f3cios e c\u00e1lculo de investimento. CONSTRU\u00c7\u00c3O PARA VENDA Defini\u00e7\u00e3o do &hellip; <\/p>\n<p class=\"link-more\"><a href=\"https:\/\/inquietudearquitetura.pt\/?page_id=1719\" class=\"more-link\">Read more<span class=\"screen-reader-text\"> &#8220;+Property developer&#8221;<\/span><\/a><\/p>\n","protected":false},"author":1,"featured_media":1725,"parent":0,"menu_order":0,"comment_status":"closed","ping_status":"closed","template":"","meta":{"inspiro_hide_title":false,"footnotes":""},"class_list":["post-1719","page","type-page","status-publish","has-post-thumbnail","hentry"],"_links":{"self":[{"href":"https:\/\/inquietudearquitetura.pt\/index.php?rest_route=\/wp\/v2\/pages\/1719","targetHints":{"allow":["GET"]}}],"collection":[{"href":"https:\/\/inquietudearquitetura.pt\/index.php?rest_route=\/wp\/v2\/pages"}],"about":[{"href":"https:\/\/inquietudearquitetura.pt\/index.php?rest_route=\/wp\/v2\/types\/page"}],"author":[{"embeddable":true,"href":"https:\/\/inquietudearquitetura.pt\/index.php?rest_route=\/wp\/v2\/users\/1"}],"replies":[{"embeddable":true,"href":"https:\/\/inquietudearquitetura.pt\/index.php?rest_route=%2Fwp%2Fv2%2Fcomments&post=1719"}],"version-history":[{"count":116,"href":"https:\/\/inquietudearquitetura.pt\/index.php?rest_route=\/wp\/v2\/pages\/1719\/revisions"}],"predecessor-version":[{"id":2934,"href":"https:\/\/inquietudearquitetura.pt\/index.php?rest_route=\/wp\/v2\/pages\/1719\/revisions\/2934"}],"wp:featuredmedia":[{"embeddable":true,"href":"https:\/\/inquietudearquitetura.pt\/index.php?rest_route=\/wp\/v2\/media\/1725"}],"wp:attachment":[{"href":"https:\/\/inquietudearquitetura.pt\/index.php?rest_route=%2Fwp%2Fv2%2Fmedia&parent=1719"}],"curies":[{"name":"wp","href":"https:\/\/api.w.org\/{rel}","templated":true}]}}