{"id":1928,"date":"2025-06-12T18:20:23","date_gmt":"2025-06-12T18:20:23","guid":{"rendered":"https:\/\/inquietudearquitetura.pt\/?page_id=1928"},"modified":"2026-03-21T17:40:15","modified_gmt":"2026-03-21T17:40:15","slug":"loja","status":"publish","type":"page","link":"https:\/\/inquietudearquitetura.pt\/?page_id=1928","title":{"rendered":"Livraria"},"content":{"rendered":"\n<p class=\"has-primary-color has-text-color has-link-color wp-elements-58d932a4aa3f63509fa59a78079362b9\" style=\"font-size:clamp(14px, 0.875rem + ((1vw - 3.2px) * 0.265), 17px);font-style:normal;font-weight:100\">Temos todo o gosto em partilhar consigo as publica\u00e7\u00f5es que vamos desenvolvendo e este \u00e9 o sitio onde as colocamos inteiramente ao seu dispor. Se pretende adquirir alguma das nossas obras basta enviar-nos um simples e-mail com o seu pedido para: geral@inquietudearquitetura.pt <\/p>\n\n\n\n<h2 class=\"wp-block-heading\"><\/h2>\n\n\n\n<div class=\"wp-block-group alignfull has-lightgrey-background-color has-background has-global-padding is-layout-constrained wp-block-group-is-layout-constrained\" style=\"padding-top:var(--wp--preset--spacing--small);padding-bottom:var(--wp--preset--spacing--small)\">\n<div class=\"wp-block-columns is-layout-flex wp-container-core-columns-is-layout-7db7aa3e wp-block-columns-is-layout-flex\" style=\"padding-right:0;padding-left:0\">\n<div class=\"wp-block-column is-vertically-aligned-center is-layout-flow wp-block-column-is-layout-flow\">\n<h2 class=\"wp-block-heading has-primary-color has-text-color has-link-color wp-elements-7395c4cfc7dcef9fd08e9cf9e0c3f07a\" style=\"font-size:clamp(14px, 0.875rem + ((1vw - 3.2px) * 0.177), 16px);font-style:normal;font-weight:500\">LIVRO &#8220;JOS\u00c9 LUIZ PORTO, ARQ.\u00ba &#8211; TALVEZ O PRIMEIRO DOS MODERNISTAS PORTUGUESES. UM CONTRIBUTO PARA AL\u00c9M DO ESP\u00d3LIO&#8221;  <\/h2>\n\n\n\n<p class=\"has-primary-color has-text-color has-link-color wp-elements-9b2a9a785d1e675c64f314c09f8d52cc\" style=\"font-size:clamp(14px, 0.875rem + ((1vw - 3.2px) * 0.265), 17px);font-style:normal;font-weight:100\">Autor: Arq.\u00ba Paulo Vila Verde | Editor: Inquietude Arquitetura _ Janeiro 2025<\/p>\n\n\n\n<p class=\"has-primary-color has-text-color has-link-color wp-elements-4a1b9fad5d9b00634ee13977fe99f793\" style=\"font-size:clamp(14px, 0.875rem + ((1vw - 3.2px) * 0.265), 17px);font-style:normal;font-weight:100\">Livro de dimens\u00e3o 16,5&#215;24 cm, constitu\u00eddo por 300 p\u00e1ginas, com capa em cartolina Cromo 280 gr. plasticizada mate e interior em papel IOR 90 gr. Dep\u00f3sito Legal: 542846\/25, ISBN: 978-989-33-7052-0<\/p>\n\n\n\n<div class=\"wp-block-buttons is-horizontal is-content-justification-left is-layout-flex wp-container-core-buttons-is-layout-20be11b6 wp-block-buttons-is-layout-flex\">\n<div class=\"wp-block-button is-style-outline is-style-outline--1\"><a class=\"wp-block-button__link has-primary-color has-text-color has-link-color has-custom-font-size wp-element-button\" style=\"font-size:clamp(14px, 0.875rem + ((1vw - 3.2px) * 0.177), 16px);\"><strong>PRE\u00c7O:  20,00\u20ac<\/strong> ( Portes inclu\u00eddos para territ\u00f3rio nacional )<\/a><\/div>\n<\/div>\n\n\n\n<p class=\"has-primary-color has-text-color has-link-color wp-elements-edcdaff0e4a3d9b18814bc76890c576c\" style=\"font-size:clamp(14px, 0.875rem + ((1vw - 3.2px) * 0.265), 17px);font-style:normal;font-weight:100\">O enquadramento hist\u00f3rico da arquitetura portuguesa do in\u00edcio do s\u00e9culo XX mant\u00e9m obscuro diversos nomes que possam ter contribu\u00eddo para o surgimento e implementa\u00e7\u00e3o de um novo modernismo \u00e0 \u00e9poca, alinhado \u00e0 vanguarda que se fazia sentir em alguns pa\u00edses da Europa, nomeadamente Fran\u00e7a. \u00c9 o caso do arquiteto minhoto Jos\u00e9 Luiz Porto (1883-1965) que desenvolveu uma relevante produ\u00e7\u00e3o arquitet\u00f3nica em diversas escalas e programas, destinada a clientes particulares e a entidades de ineg\u00e1vel import\u00e2ncia. Durante os 52 anos de atividade profissional o seu percurso passa pela cidade de Genebra a partir de 1913, por Paris de 1921 a 1933 onde acompanha o surgimento dos novos movimentos modernistas, regressando definitivamente a Portugal, provavelmente em 1933, fazendo ainda uma incurs\u00e3o profissional \u00e0 cidade da Beira em Mo\u00e7ambique, entre os anos de 1941 a 1953. <\/p>\n<\/div>\n\n\n\n<div class=\"wp-block-column is-layout-flow wp-block-column-is-layout-flow\">\n<figure data-wp-context=\"{&quot;imageId&quot;:&quot;6a095920b4532&quot;}\" data-wp-interactive=\"core\/image\" data-wp-key=\"6a095920b4532\" class=\"wp-block-image aligncenter size-large wp-lightbox-container\"><img loading=\"lazy\" decoding=\"async\" width=\"1024\" height=\"813\" data-wp-class--hide=\"state.isContentHidden\" data-wp-class--show=\"state.isContentVisible\" data-wp-init=\"callbacks.setButtonStyles\" data-wp-on--click=\"actions.showLightbox\" data-wp-on--load=\"callbacks.setButtonStyles\" data-wp-on-window--resize=\"callbacks.setButtonStyles\" src=\"https:\/\/inquietudearquitetura.pt\/wp-content\/uploads\/2026\/03\/Apresentacao-Livro-Copia-1024x813.jpg\" alt=\"\" class=\"wp-image-2963\" srcset=\"https:\/\/inquietudearquitetura.pt\/wp-content\/uploads\/2026\/03\/Apresentacao-Livro-Copia-1024x813.jpg 1024w, https:\/\/inquietudearquitetura.pt\/wp-content\/uploads\/2026\/03\/Apresentacao-Livro-Copia-300x238.jpg 300w, https:\/\/inquietudearquitetura.pt\/wp-content\/uploads\/2026\/03\/Apresentacao-Livro-Copia-2000x1588.jpg 2000w\" sizes=\"auto, (max-width: 1024px) 100vw, 1024px\" \/><button\n\t\t\tclass=\"lightbox-trigger\"\n\t\t\ttype=\"button\"\n\t\t\taria-haspopup=\"dialog\"\n\t\t\taria-label=\"Ampliar\"\n\t\t\tdata-wp-init=\"callbacks.initTriggerButton\"\n\t\t\tdata-wp-on--click=\"actions.showLightbox\"\n\t\t\tdata-wp-style--right=\"state.imageButtonRight\"\n\t\t\tdata-wp-style--top=\"state.imageButtonTop\"\n\t\t>\n\t\t\t<svg xmlns=\"http:\/\/www.w3.org\/2000\/svg\" width=\"12\" height=\"12\" fill=\"none\" viewBox=\"0 0 12 12\">\n\t\t\t\t<path fill=\"#fff\" d=\"M2 0a2 2 0 0 0-2 2v2h1.5V2a.5.5 0 0 1 .5-.5h2V0H2Zm2 10.5H2a.5.5 0 0 1-.5-.5V8H0v2a2 2 0 0 0 2 2h2v-1.5ZM8 12v-1.5h2a.5.5 0 0 0 .5-.5V8H12v2a2 2 0 0 1-2 2H8Zm2-12a2 2 0 0 1 2 2v2h-1.5V2a.5.5 0 0 0-.5-.5H8V0h2Z\" \/>\n\t\t\t<\/svg>\n\t\t<\/button><\/figure>\n<\/div>\n<\/div>\n<\/div>\n\n\n\n<h4 class=\"wp-block-heading\"><\/h4>\n\n\n\n<p class=\"has-text-align-center has-primary-color has-text-color has-link-color wp-elements-02856b9b194d1d7e8c87ec6beba09eee\" style=\"font-size:clamp(14px, 0.875rem + ((1vw - 3.2px) * 0.088), 15px);\">BREVEMENTE NOVIDADES<\/p>\n\n\n\n<h2 class=\"wp-block-heading\"><\/h2>\n","protected":false},"excerpt":{"rendered":"<p>Temos todo o gosto em partilhar consigo as publica\u00e7\u00f5es que vamos desenvolvendo e este \u00e9 o sitio onde as colocamos inteiramente ao seu dispor. Se pretende adquirir alguma das nossas obras basta enviar-nos um simples e-mail com o seu pedido para: geral@inquietudearquitetura.pt LIVRO &#8220;JOS\u00c9 LUIZ PORTO, ARQ.\u00ba &#8211; TALVEZ O PRIMEIRO DOS MODERNISTAS PORTUGUESES. UM &hellip; <\/p>\n<p class=\"link-more\"><a href=\"https:\/\/inquietudearquitetura.pt\/?page_id=1928\" class=\"more-link\">Read more<span class=\"screen-reader-text\"> &#8220;Livraria&#8221;<\/span><\/a><\/p>\n","protected":false},"author":1,"featured_media":1959,"parent":0,"menu_order":0,"comment_status":"closed","ping_status":"closed","template":"","meta":{"inspiro_hide_title":false,"footnotes":""},"class_list":["post-1928","page","type-page","status-publish","has-post-thumbnail","hentry"],"_links":{"self":[{"href":"https:\/\/inquietudearquitetura.pt\/index.php?rest_route=\/wp\/v2\/pages\/1928","targetHints":{"allow":["GET"]}}],"collection":[{"href":"https:\/\/inquietudearquitetura.pt\/index.php?rest_route=\/wp\/v2\/pages"}],"about":[{"href":"https:\/\/inquietudearquitetura.pt\/index.php?rest_route=\/wp\/v2\/types\/page"}],"author":[{"embeddable":true,"href":"https:\/\/inquietudearquitetura.pt\/index.php?rest_route=\/wp\/v2\/users\/1"}],"replies":[{"embeddable":true,"href":"https:\/\/inquietudearquitetura.pt\/index.php?rest_route=%2Fwp%2Fv2%2Fcomments&post=1928"}],"version-history":[{"count":85,"href":"https:\/\/inquietudearquitetura.pt\/index.php?rest_route=\/wp\/v2\/pages\/1928\/revisions"}],"predecessor-version":[{"id":2964,"href":"https:\/\/inquietudearquitetura.pt\/index.php?rest_route=\/wp\/v2\/pages\/1928\/revisions\/2964"}],"wp:featuredmedia":[{"embeddable":true,"href":"https:\/\/inquietudearquitetura.pt\/index.php?rest_route=\/wp\/v2\/media\/1959"}],"wp:attachment":[{"href":"https:\/\/inquietudearquitetura.pt\/index.php?rest_route=%2Fwp%2Fv2%2Fmedia&parent=1928"}],"curies":[{"name":"wp","href":"https:\/\/api.w.org\/{rel}","templated":true}]}}